{"id":73,"date":"2017-01-16T23:50:24","date_gmt":"2017-01-16T23:50:24","guid":{"rendered":"http:\/\/themenectar.com\/demo\/salient-minimal-portfolio\/?page_id=73"},"modified":"2025-03-07T23:26:23","modified_gmt":"2025-03-07T23:26:23","slug":"hakkimizda","status":"publish","type":"page","link":"http:\/\/fsmiletisim.com.tr\/?page_id=73","title":{"rendered":"Hakk\u0131m\u0131zda"},"content":{"rendered":"[vc_row type=&#8221;full_width_background&#8221; full_screen_row_position=&#8221;middle&#8221; column_margin=&#8221;default&#8221; equal_height=&#8221;yes&#8221; content_placement=&#8221;middle&#8221; column_direction=&#8221;default&#8221; column_direction_tablet=&#8221;default&#8221; column_direction_phone=&#8221;default&#8221; bg_color=&#8221;#ffffff&#8221; scene_position=&#8221;center&#8221; top_padding=&#8221;4%&#8221; bottom_padding=&#8221;7%&#8221; text_color=&#8221;dark&#8221; text_align=&#8221;left&#8221; row_border_radius=&#8221;none&#8221; row_border_radius_applies=&#8221;bg&#8221; overflow=&#8221;visible&#8221; overlay_strength=&#8221;0.3&#8243; gradient_direction=&#8221;left_to_right&#8221; shape_divider_position=&#8221;bottom&#8221; bg_image_animation=&#8221;none&#8221;][vc_column column_padding=&#8221;no-extra-padding&#8221; column_padding_tablet=&#8221;inherit&#8221; column_padding_phone=&#8221;inherit&#8221; column_padding_position=&#8221;all&#8221; column_element_direction_desktop=&#8221;default&#8221; column_element_spacing=&#8221;default&#8221; desktop_text_alignment=&#8221;default&#8221; tablet_text_alignment=&#8221;default&#8221; phone_text_alignment=&#8221;default&#8221; background_color_opacity=&#8221;1&#8243; background_hover_color_opacity=&#8221;1&#8243; column_backdrop_filter=&#8221;none&#8221; column_shadow=&#8221;none&#8221; column_border_radius=&#8221;none&#8221; column_link_target=&#8221;_self&#8221; column_position=&#8221;default&#8221; gradient_direction=&#8221;left_to_right&#8221; overlay_strength=&#8221;0.3&#8243; width=&#8221;1\/2&#8243; tablet_width_inherit=&#8221;default&#8221; animation_type=&#8221;default&#8221; bg_image_animation=&#8221;none&#8221; border_type=&#8221;simple&#8221; column_border_width=&#8221;none&#8221; column_border_style=&#8221;solid&#8221; column_padding_type=&#8221;default&#8221; gradient_type=&#8221;default&#8221;][image_with_animation image_url=&#8221;374&#8243; image_size=&#8221;full&#8221; animation_type=&#8221;entrance&#8221; animation=&#8221;None&#8221; animation_movement_type=&#8221;transform_y&#8221; hover_animation=&#8221;none&#8221; alignment=&#8221;&#8221; border_radius=&#8221;none&#8221; box_shadow=&#8221;none&#8221; image_loading=&#8221;default&#8221; max_width=&#8221;100%&#8221; max_width_mobile=&#8221;default&#8221;][image_with_animation image_url=&#8221;https:\/\/source.unsplash.com\/Kt8eGw8_S8Y&#8221; image_size=&#8221;full&#8221; animation_type=&#8221;entrance&#8221; animation=&#8221;None&#8221; animation_movement_type=&#8221;transform_y&#8221; hover_animation=&#8221;none&#8221; alignment=&#8221;&#8221; border_radius=&#8221;none&#8221; box_shadow=&#8221;x_large_depth&#8221; image_loading=&#8221;default&#8221; max_width=&#8221;100%&#8221; max_width_mobile=&#8221;default&#8221;][\/vc_column][vc_column column_padding=&#8221;padding-6-percent&#8221; column_padding_tablet=&#8221;inherit&#8221; column_padding_phone=&#8221;inherit&#8221; column_padding_position=&#8221;all&#8221; column_element_direction_desktop=&#8221;default&#8221; column_element_spacing=&#8221;default&#8221; desktop_text_alignment=&#8221;default&#8221; tablet_text_alignment=&#8221;default&#8221; phone_text_alignment=&#8221;default&#8221; background_color_opacity=&#8221;1&#8243; background_hover_color_opacity=&#8221;1&#8243; column_backdrop_filter=&#8221;none&#8221; column_shadow=&#8221;small_depth&#8221; column_border_radius=&#8221;none&#8221; column_link_target=&#8221;_self&#8221; column_position=&#8221;default&#8221; gradient_direction=&#8221;left_to_right&#8221; overlay_strength=&#8221;0.3&#8243; width=&#8221;1\/2&#8243; tablet_width_inherit=&#8221;default&#8221; animation_type=&#8221;default&#8221; bg_image_animation=&#8221;none&#8221; border_type=&#8221;simple&#8221; column_border_width=&#8221;none&#8221; column_border_style=&#8221;solid&#8221; column_padding_type=&#8221;default&#8221; gradient_type=&#8221;default&#8221;][vc_custom_heading text=&#8221;FSM \u0130leti\u015fim A.\u015e.&#8221; font_container=&#8221;tag:h5|text_align:left|color:%23bfbfbf&#8221; use_theme_fonts=&#8221;yes&#8221; css=&#8221;.vc_custom_1740759120409{margin-bottom: 10px !important;}&#8221;][vc_custom_heading text=&#8221;Referanslar\u0131m\u0131z \/ Neden Biz ?&#8221; font_container=&#8221;tag:h2|font_size:40|text_align:left|color:%23efa905|line_height:50px&#8221; use_theme_fonts=&#8221;yes&#8221; css=&#8221;&#8221;][vc_column_text css=&#8221;.vc_custom_1740759399625{margin-top: 30px !important;margin-bottom: 30px !important;}&#8221; text_direction=&#8221;default&#8221;]20 y\u0131l\u0131 a\u015fk\u0131n sekt\u00f6r deneyimimizle bir fikri; sanatsal bir yakla\u015f\u0131m, tasar\u0131m ve kurgu ile ele al\u0131p, medyada etkin olarak kullan\u0131lacak bir hale getiriyor, sonras\u0131nda medyada yer almas\u0131n\u0131 sa\u011flayacak t\u00fcm s\u00fcre\u00e7leri hesaplayan bir anlay\u0131\u015fla 360 derece \u00e7\u00f6z\u00fcmler sunuyoruz.<\/p>\n<p>Kamunun dilini anl\u0131yor, yorumluyor ve topluma aktarman\u0131n s\u0131rr\u0131n\u0131 biliyoruz. Ayn\u0131 zamanda \u00f6zel sekt\u00f6r\u00fcn t\u00fcm gerekliliklerini \u00f6z\u00fcmseyip h\u0131zl\u0131 ve alternatifli \u00e7\u00f6z\u00fcmler \u00fcretiyoruz.[\/vc_column_text][divider line_type=&#8221;No Line&#8221; custom_height=&#8221;50&#8243;][vc_custom_heading text=&#8221;Neler Yap\u0131yoruz&#8221; font_container=&#8221;tag:h5|text_align:left|color:%23EFA905&#8243; use_theme_fonts=&#8221;yes&#8221; css=&#8221;.vc_custom_1740759529874{margin-bottom: 10px !important;}&#8221;][vc_row_inner column_margin=&#8221;default&#8221; column_direction=&#8221;default&#8221; column_direction_tablet=&#8221;default&#8221; column_direction_phone=&#8221;default&#8221; text_align=&#8221;left&#8221; row_position=&#8221;default&#8221; row_position_tablet=&#8221;inherit&#8221; row_position_phone=&#8221;inherit&#8221; overflow=&#8221;visible&#8221; pointer_events=&#8221;all&#8221;][vc_column_inner column_padding=&#8221;no-extra-padding&#8221; column_padding_tablet=&#8221;inherit&#8221; column_padding_phone=&#8221;inherit&#8221; column_padding_position=&#8221;all&#8221; column_element_direction_desktop=&#8221;default&#8221; column_element_spacing=&#8221;default&#8221; desktop_text_alignment=&#8221;default&#8221; tablet_text_alignment=&#8221;default&#8221; phone_text_alignment=&#8221;default&#8221; background_color_opacity=&#8221;1&#8243; background_hover_color_opacity=&#8221;1&#8243; column_backdrop_filter=&#8221;none&#8221; column_shadow=&#8221;none&#8221; column_border_radius=&#8221;none&#8221; column_link_target=&#8221;_self&#8221; overflow=&#8221;visible&#8221; gradient_direction=&#8221;left_to_right&#8221; overlay_strength=&#8221;0.3&#8243; width=&#8221;1\/2&#8243; tablet_width_inherit=&#8221;default&#8221; animation_type=&#8221;default&#8221; bg_image_animation=&#8221;none&#8221; border_type=&#8221;simple&#8221; column_border_width=&#8221;none&#8221; column_border_style=&#8221;solid&#8221;]<div class=\"nectar-fancy-ul\" data-list-icon=\"none\" data-animation=\"false\" data-animation-delay=\"0\" data-color=\"accent-color\" data-spacing=\"default\" data-alignment=\"left\"> \n<ul style=\"list-style-type: none; padding: 0;\">\n<li style=\"margin-bottom: 10px; font-size: 16px; position: relative; padding-left: 25px;\">\n    <span style=\"position: absolute; left: 0; top: 0; font-size: 18px;\">&#8226;<\/span> Kurumsal Organizasyonlar<\/li>\n<li style=\"margin-bottom: 10px; font-size: 16px; position: relative; padding-left: 25px;\">\n    <span style=\"position: absolute; left: 0; top: 0; font-size: 18px;\">&#8226;<\/span> Bas\u0131l\u0131 ve Outdoor Reklam<\/li>\n<li style=\"margin-bottom: 10px; font-size: 16px; position: relative; padding-left: 25px;\">\n    <span style=\"position: absolute; left: 0; top: 0; font-size: 18px;\">&#8226;<\/span> Sahne ve Etkinlik Sistemleri<\/li>\n<li style=\"margin-bottom: 10px; font-size: 16px; position: relative; padding-left: 25px;\">\n    <span style=\"position: absolute; left: 0; top: 0; font-size: 18px;\">&#8226;<\/span> Reklam Stratejisi Belirleme<\/li>\n<\/ul>\n <\/div>[\/vc_column_inner][vc_column_inner column_padding=&#8221;no-extra-padding&#8221; column_padding_tablet=&#8221;inherit&#8221; column_padding_phone=&#8221;inherit&#8221; column_padding_position=&#8221;all&#8221; column_element_direction_desktop=&#8221;default&#8221; column_element_spacing=&#8221;default&#8221; desktop_text_alignment=&#8221;default&#8221; tablet_text_alignment=&#8221;default&#8221; phone_text_alignment=&#8221;default&#8221; background_color_opacity=&#8221;1&#8243; background_hover_color_opacity=&#8221;1&#8243; column_backdrop_filter=&#8221;none&#8221; column_shadow=&#8221;none&#8221; column_border_radius=&#8221;none&#8221; column_link_target=&#8221;_self&#8221; overflow=&#8221;visible&#8221; gradient_direction=&#8221;left_to_right&#8221; overlay_strength=&#8221;0.3&#8243; width=&#8221;1\/2&#8243; tablet_width_inherit=&#8221;default&#8221; animation_type=&#8221;default&#8221; bg_image_animation=&#8221;none&#8221; border_type=&#8221;simple&#8221; column_border_width=&#8221;none&#8221; column_border_style=&#8221;solid&#8221;]<div class=\"nectar-fancy-ul\" data-list-icon=\"none\" data-animation=\"false\" data-animation-delay=\"0\" data-color=\"accent-color\" data-spacing=\"default\" data-alignment=\"left\"> \n<ul style=\"list-style-type: none; padding: 0;\">\n<li style=\"margin-bottom: 10px; font-size: 16px; position: relative; padding-left: 25px;\"><span style=\"position: absolute; left: 0; top: 0; font-size: 18px;\">\u2022<\/span> Grafik Tasar\u0131m\u0131<\/li>\n<li style=\"margin-bottom: 10px; font-size: 16px; position: relative; padding-left: 25px;\"><span style=\"position: absolute; left: 0; top: 0; font-size: 18px;\">\u2022<\/span> Marka Y\u00f6netimi<\/li>\n<li style=\"margin-bottom: 10px; font-size: 16px; position: relative; padding-left: 25px;\"><span style=\"position: absolute; left: 0; top: 0; font-size: 18px;\">\u2022<\/span> Kurumsal Kimlik \u00c7al\u0131\u015fmas\u0131<\/li>\n<li style=\"margin-bottom: 10px; font-size: 16px; position: relative; padding-left: 25px;\"><span style=\"position: absolute; left: 0; top: 0; font-size: 18px;\">\u2022<\/span> Sosyal Medya Y\u00f6netimi<\/li>\n<\/ul>\n <\/div>[\/vc_column_inner][\/vc_row_inner][nectar_icon icon_family=&#8221;fontawesome&#8221; icon_style=&#8221;default&#8221; icon_color_type=&#8221;custom&#8221; icon_color_custom=&#8221;#e1306c&#8221; open_new_tab=&#8221;true&#8221; icon_padding=&#8221;20px&#8221; pointer_events=&#8221;all&#8221; icon_size=&#8221;29&#8243; margin_left=&#8221;-20px&#8221; url=&#8221;https:\/\/www.instagram.com\/iletisimfsm\/&#8221; icon_fontawesome=&#8221;fa fa-instagram&#8221;][nectar_icon icon_family=&#8221;nectarbrands&#8221; icon_style=&#8221;default&#8221; icon_color_type=&#8221;custom&#8221; icon_color_custom=&#8221;#000000&#8243; open_new_tab=&#8221;true&#8221; icon_padding=&#8221;20px&#8221; pointer_events=&#8221;all&#8221; icon_size=&#8221;29&#8243; url=&#8221;https:\/\/x.com\/fsmiletisim&#8221; icon_nectarbrands=&#8221;nectar-brands-x-twitter&#8221;][\/vc_column][\/vc_row]\n","protected":false},"excerpt":{"rendered":"<p>[vc_row type=&#8221;full_width_background&#8221; full_screen_row_position=&#8221;middle&#8221; column_margin=&#8221;default&#8221; equal_height=&#8221;yes&#8221; content_placement=&#8221;middle&#8221; column_direction=&#8221;default&#8221; column_direction_tablet=&#8221;default&#8221; column_direction_phone=&#8221;default&#8221; bg_color=&#8221;#ffffff&#8221; scene_position=&#8221;center&#8221; top_padding=&#8221;4%&#8221; bottom_padding=&#8221;7%&#8221; text_color=&#8221;dark&#8221; text_align=&#8221;left&#8221; row_border_radius=&#8221;none&#8221; row_border_radius_applies=&#8221;bg&#8221; overflow=&#8221;visible&#8221; overlay_strength=&#8221;0.3&#8243; gradient_direction=&#8221;left_to_right&#8221; shape_divider_position=&#8221;bottom&#8221; bg_image_animation=&#8221;none&#8221;][vc_column column_padding=&#8221;no-extra-padding&#8221; column_padding_tablet=&#8221;inherit&#8221; column_padding_phone=&#8221;inherit&#8221; column_padding_position=&#8221;all&#8221; column_element_direction_desktop=&#8221;default&#8221; column_element_spacing=&#8221;default&#8221; desktop_text_alignment=&#8221;default&#8221; tablet_text_alignment=&#8221;default&#8221;&#8230;<\/p>\n","protected":false},"author":1,"featured_media":0,"parent":0,"menu_order":0,"comment_status":"closed","ping_status":"closed","template":"","meta":{"footnotes":""},"class_list":["post-73","page","type-page","status-publish"],"_links":{"self":[{"href":"http:\/\/fsmiletisim.com.tr\/index.php?rest_route=\/wp\/v2\/pages\/73","targetHints":{"allow":["GET"]}}],"collection":[{"href":"http:\/\/fsmiletisim.com.tr\/index.php?rest_route=\/wp\/v2\/pages"}],"about":[{"href":"http:\/\/fsmiletisim.com.tr\/index.php?rest_route=\/wp\/v2\/types\/page"}],"author":[{"embeddable":true,"href":"http:\/\/fsmiletisim.com.tr\/index.php?rest_route=\/wp\/v2\/users\/1"}],"replies":[{"embeddable":true,"href":"http:\/\/fsmiletisim.com.tr\/index.php?rest_route=%2Fwp%2Fv2%2Fcomments&post=73"}],"version-history":[{"count":25,"href":"http:\/\/fsmiletisim.com.tr\/index.php?rest_route=\/wp\/v2\/pages\/73\/revisions"}],"predecessor-version":[{"id":375,"href":"http:\/\/fsmiletisim.com.tr\/index.php?rest_route=\/wp\/v2\/pages\/73\/revisions\/375"}],"wp:attachment":[{"href":"http:\/\/fsmiletisim.com.tr\/index.php?rest_route=%2Fwp%2Fv2%2Fmedia&parent=73"}],"curies":[{"name":"wp","href":"https:\/\/api.w.org\/{rel}","templated":true}]}}